{"id":169,"date":"2021-01-03T21:06:12","date_gmt":"2021-01-03T20:06:12","guid":{"rendered":"http:\/\/kosmogoniatatr.dobrawola.eu\/ten\/?page_id=169"},"modified":"2021-01-04T15:57:59","modified_gmt":"2021-01-04T14:57:59","slug":"grzegorz-szarek","status":"publish","type":"page","link":"https:\/\/kosmogoniatatr.dobrawola.eu\/ten\/grzegorz-szarek\/","title":{"rendered":"Grzegorz Szarek"},"content":{"rendered":"\n<div class=\"wp-block-image\"><figure class=\"aligncenter size-large is-resized\"><img loading=\"lazy\" decoding=\"async\" src=\"http:\/\/kosmogoniatatr.dobrawola.eu\/ten\/wp-content\/uploads\/2021\/01\/15-Grzegorz-Szarek.jpg\" alt=\"\" class=\"wp-image-176\" width=\"276\" height=\"280\" srcset=\"https:\/\/kosmogoniatatr.dobrawola.eu\/ten\/wp-content\/uploads\/2021\/01\/15-Grzegorz-Szarek.jpg 549w, https:\/\/kosmogoniatatr.dobrawola.eu\/ten\/wp-content\/uploads\/2021\/01\/15-Grzegorz-Szarek-296x300.jpg 296w, https:\/\/kosmogoniatatr.dobrawola.eu\/ten\/wp-content\/uploads\/2021\/01\/15-Grzegorz-Szarek-50x50.jpg 50w, https:\/\/kosmogoniatatr.dobrawola.eu\/ten\/wp-content\/uploads\/2021\/01\/15-Grzegorz-Szarek-80x80.jpg 80w\" sizes=\"auto, (max-width: 276px) 100vw, 276px\" \/><\/figure><\/div>\n\n\n<p style=\"text-align: justify;\"><strong data-rich-text-format-boundary=\"true\">Grzegorz Szarek<\/strong> &#8211; przewodnik beskidzki SKPG Krak\u00f3w, mi\u0119dzynarodowy przewodnik g\u00f3rski UIMLA, przewodnik po Karpatach Wschodnich lwowskiego stowarzyszenia \u201eRowi\u0144\u201d, przewodnik tatrza\u0144ski III kl. AKPT Krak\u00f3w, instruktor narciarstwa, mgr ochrony \u015brodowiska na UJ. Duchem \u201eprzedsoborowy\u201d katolik, ucz\u0119szczaj\u0105cy wy\u0142\u0105cznie na Msz\u0119 \u015bw. w rycie trydenckim. Prowadzi wycieczki oraz obozy w\u0119drowne po Tatrach i Beskidach, a tak\u017ce po g\u00f3rach S\u0142owacji i Ukrainy. Najlepiej czuje si\u0119 w Bieszczadach, kt\u00f3re s\u0105 dla niego g\u00f3rami najbardziej kompatybilnymi z jego prawdziw\u0105 natur\u0105. Na co dzie\u0144 mieszka w Szczawnicy, gdzie prowadzi wraz z \u017bon\u0105 biuro turystyczne \u201eKarpacka Dusza\u201d. Mi\u0142o\u015bnik fotografii, \u0141emkowszczyzny, klasycznego heavy-metalu oraz g\u00f3ralskiego \u015bpiewu wierchowego.<\/p>","protected":false},"excerpt":{"rendered":"<p>Grzegorz Szarek &#8211; przewodnik beskidzki SKPG Krak\u00f3w, mi\u0119dzynarodowy przewodnik g\u00f3rski UIMLA, przewodnik po Karpatach Wschodnich lwowskiego stowarzyszenia \u201eRowi\u0144\u201d, przewodnik tatrza\u0144ski III kl. AKPT Krak\u00f3w, instruktor narciarstwa, mgr ochrony \u015brodowiska na<\/p>\n<p class=\"more-link\"><a href=\"https:\/\/kosmogoniatatr.dobrawola.eu\/ten\/grzegorz-szarek\/\" class=\"readmore\">Wi\u0119cej&#8230;<svg class=\"icon icon-arrow-right\" aria-hidden=\"true\" role=\"img\"> <use href=\"#icon-arrow-right\" xlink:href=\"#icon-arrow-right\"><\/use> <\/svg><span class=\"screen-reader-text\">Grzegorz Szarek<\/span><\/a><\/p>\n","protected":false},"author":1,"featured_media":0,"parent":0,"menu_order":0,"comment_status":"closed","ping_status":"closed","template":"","meta":{"footnotes":""},"class_list":["post-169","page","type-page","status-publish","hentry"],"yoast_head":"<!-- This site is optimized with the Yoast SEO plugin v20.6 - https:\/\/yoast.com\/wordpress\/plugins\/seo\/ -->\n<title>Grzegorz Szarek - KOSMOGONIA TATR I PODTATRZA<\/title>\n<meta name=\"robots\" content=\"index, follow, max-snippet:-1, max-image-preview:large, max-video-preview:-1\" \/>\n<link rel=\"canonical\" href=\"https:\/\/kosmogoniatatr.dobrawola.eu\/ten\/grzegorz-szarek\/\" \/>\n<meta property=\"og:locale\" content=\"pl_PL\" \/>\n<meta property=\"og:type\" content=\"article\" \/>\n<meta property=\"og:title\" content=\"Grzegorz Szarek - KOSMOGONIA TATR I PODTATRZA\" \/>\n<meta property=\"og:description\" content=\"Grzegorz Szarek &#8211; przewodnik beskidzki SKPG Krak\u00f3w, mi\u0119dzynarodowy przewodnik g\u00f3rski UIMLA, przewodnik po Karpatach Wschodnich lwowskiego stowarzyszenia \u201eRowi\u0144\u201d, przewodnik tatrza\u0144ski III kl. AKPT Krak\u00f3w, instruktor narciarstwa, mgr ochrony \u015brodowiska naWi\u0119cej... Grzegorz Szarek\" \/>\n<meta property=\"og:url\" content=\"https:\/\/kosmogoniatatr.dobrawola.eu\/ten\/grzegorz-szarek\/\" \/>\n<meta property=\"og:site_name\" content=\"KOSMOGONIA TATR I PODTATRZA\" \/>\n<meta property=\"article:modified_time\" content=\"2021-01-04T14:57:59+00:00\" \/>\n<meta property=\"og:image\" content=\"http:\/\/kosmogoniatatr.dobrawola.eu\/ten\/wp-content\/uploads\/2021\/01\/15-Grzegorz-Szarek.jpg\" \/>\n<meta name=\"twitter:card\" content=\"summary_large_image\" \/>\n<meta name=\"twitter:label1\" content=\"Szacowany czas czytania\" \/>\n\t<meta name=\"twitter:data1\" content=\"1 minuta\" \/>\n<script type=\"application\/ld+json\" class=\"yoast-schema-graph\">{\"@context\":\"https:\/\/schema.org\",\"@graph\":[{\"@type\":\"WebPage\",\"@id\":\"https:\/\/kosmogoniatatr.dobrawola.eu\/ten\/grzegorz-szarek\/\",\"url\":\"https:\/\/kosmogoniatatr.dobrawola.eu\/ten\/grzegorz-szarek\/\",\"name\":\"Grzegorz Szarek - KOSMOGONIA TATR I PODTATRZA\",\"isPartOf\":{\"@id\":\"https:\/\/kosmogoniatatr.dobrawola.eu\/ten\/#website\"},\"datePublished\":\"2021-01-03T20:06:12+00:00\",\"dateModified\":\"2021-01-04T14:57:59+00:00\",\"breadcrumb\":{\"@id\":\"https:\/\/kosmogoniatatr.dobrawola.eu\/ten\/grzegorz-szarek\/#breadcrumb\"},\"inLanguage\":\"pl-PL\",\"potentialAction\":[{\"@type\":\"ReadAction\",\"target\":[\"https:\/\/kosmogoniatatr.dobrawola.eu\/ten\/grzegorz-szarek\/\"]}]},{\"@type\":\"BreadcrumbList\",\"@id\":\"https:\/\/kosmogoniatatr.dobrawola.eu\/ten\/grzegorz-szarek\/#breadcrumb\",\"itemListElement\":[{\"@type\":\"ListItem\",\"position\":1,\"name\":\"Strona g\u0142\u00f3wna\",\"item\":\"https:\/\/kosmogoniatatr.dobrawola.eu\/ten\/\"},{\"@type\":\"ListItem\",\"position\":2,\"name\":\"Grzegorz Szarek\"}]},{\"@type\":\"WebSite\",\"@id\":\"https:\/\/kosmogoniatatr.dobrawola.eu\/ten\/#website\",\"url\":\"https:\/\/kosmogoniatatr.dobrawola.eu\/ten\/\",\"name\":\"KOSMOGONIA TATR I PODTATRZA\",\"description\":\"PROJEKT POPULARNONAUKOWY REALIZOWANY NA PODTATRZU I W TATRACH\",\"publisher\":{\"@id\":\"https:\/\/kosmogoniatatr.dobrawola.eu\/ten\/#organization\"},\"potentialAction\":[{\"@type\":\"SearchAction\",\"target\":{\"@type\":\"EntryPoint\",\"urlTemplate\":\"https:\/\/kosmogoniatatr.dobrawola.eu\/ten\/?s={search_term_string}\"},\"query-input\":\"required name=search_term_string\"}],\"inLanguage\":\"pl-PL\"},{\"@type\":\"Organization\",\"@id\":\"https:\/\/kosmogoniatatr.dobrawola.eu\/ten\/#organization\",\"name\":\"Kosmogonia Tatr\",\"url\":\"https:\/\/kosmogoniatatr.dobrawola.eu\/ten\/\",\"logo\":{\"@type\":\"ImageObject\",\"inLanguage\":\"pl-PL\",\"@id\":\"https:\/\/kosmogoniatatr.dobrawola.eu\/ten\/#\/schema\/logo\/image\/\",\"url\":\"http:\/\/kosmogoniatatr.dobrawola.eu\/ten\/wp-content\/uploads\/2020\/12\/cropped-cropped-kosmo02-1.jpg\",\"contentUrl\":\"http:\/\/kosmogoniatatr.dobrawola.eu\/ten\/wp-content\/uploads\/2020\/12\/cropped-cropped-kosmo02-1.jpg\",\"width\":512,\"height\":512,\"caption\":\"Kosmogonia Tatr\"},\"image\":{\"@id\":\"https:\/\/kosmogoniatatr.dobrawola.eu\/ten\/#\/schema\/logo\/image\/\"}}]}<\/script>\n<!-- \/ Yoast SEO plugin. -->","yoast_head_json":{"title":"Grzegorz Szarek - KOSMOGONIA TATR I PODTATRZA","robots":{"index":"index","follow":"follow","max-snippet":"max-snippet:-1","max-image-preview":"max-image-preview:large","max-video-preview":"max-video-preview:-1"},"canonical":"https:\/\/kosmogoniatatr.dobrawola.eu\/ten\/grzegorz-szarek\/","og_locale":"pl_PL","og_type":"article","og_title":"Grzegorz Szarek - KOSMOGONIA TATR I PODTATRZA","og_description":"Grzegorz Szarek &#8211; przewodnik beskidzki SKPG Krak\u00f3w, mi\u0119dzynarodowy przewodnik g\u00f3rski UIMLA, przewodnik po Karpatach Wschodnich lwowskiego stowarzyszenia \u201eRowi\u0144\u201d, przewodnik tatrza\u0144ski III kl. AKPT Krak\u00f3w, instruktor narciarstwa, mgr ochrony \u015brodowiska naWi\u0119cej... Grzegorz Szarek","og_url":"https:\/\/kosmogoniatatr.dobrawola.eu\/ten\/grzegorz-szarek\/","og_site_name":"KOSMOGONIA TATR I PODTATRZA","article_modified_time":"2021-01-04T14:57:59+00:00","og_image":[{"url":"http:\/\/kosmogoniatatr.dobrawola.eu\/ten\/wp-content\/uploads\/2021\/01\/15-Grzegorz-Szarek.jpg"}],"twitter_card":"summary_large_image","twitter_misc":{"Szacowany czas czytania":"1 minuta"},"schema":{"@context":"https:\/\/schema.org","@graph":[{"@type":"WebPage","@id":"https:\/\/kosmogoniatatr.dobrawola.eu\/ten\/grzegorz-szarek\/","url":"https:\/\/kosmogoniatatr.dobrawola.eu\/ten\/grzegorz-szarek\/","name":"Grzegorz Szarek - KOSMOGONIA TATR I PODTATRZA","isPartOf":{"@id":"https:\/\/kosmogoniatatr.dobrawola.eu\/ten\/#website"},"datePublished":"2021-01-03T20:06:12+00:00","dateModified":"2021-01-04T14:57:59+00:00","breadcrumb":{"@id":"https:\/\/kosmogoniatatr.dobrawola.eu\/ten\/grzegorz-szarek\/#breadcrumb"},"inLanguage":"pl-PL","potentialAction":[{"@type":"ReadAction","target":["https:\/\/kosmogoniatatr.dobrawola.eu\/ten\/grzegorz-szarek\/"]}]},{"@type":"BreadcrumbList","@id":"https:\/\/kosmogoniatatr.dobrawola.eu\/ten\/grzegorz-szarek\/#breadcrumb","itemListElement":[{"@type":"ListItem","position":1,"name":"Strona g\u0142\u00f3wna","item":"https:\/\/kosmogoniatatr.dobrawola.eu\/ten\/"},{"@type":"ListItem","position":2,"name":"Grzegorz Szarek"}]},{"@type":"WebSite","@id":"https:\/\/kosmogoniatatr.dobrawola.eu\/ten\/#website","url":"https:\/\/kosmogoniatatr.dobrawola.eu\/ten\/","name":"KOSMOGONIA TATR I PODTATRZA","description":"PROJEKT POPULARNONAUKOWY REALIZOWANY NA PODTATRZU I W TATRACH","publisher":{"@id":"https:\/\/kosmogoniatatr.dobrawola.eu\/ten\/#organization"},"potentialAction":[{"@type":"SearchAction","target":{"@type":"EntryPoint","urlTemplate":"https:\/\/kosmogoniatatr.dobrawola.eu\/ten\/?s={search_term_string}"},"query-input":"required name=search_term_string"}],"inLanguage":"pl-PL"},{"@type":"Organization","@id":"https:\/\/kosmogoniatatr.dobrawola.eu\/ten\/#organization","name":"Kosmogonia Tatr","url":"https:\/\/kosmogoniatatr.dobrawola.eu\/ten\/","logo":{"@type":"ImageObject","inLanguage":"pl-PL","@id":"https:\/\/kosmogoniatatr.dobrawola.eu\/ten\/#\/schema\/logo\/image\/","url":"http:\/\/kosmogoniatatr.dobrawola.eu\/ten\/wp-content\/uploads\/2020\/12\/cropped-cropped-kosmo02-1.jpg","contentUrl":"http:\/\/kosmogoniatatr.dobrawola.eu\/ten\/wp-content\/uploads\/2020\/12\/cropped-cropped-kosmo02-1.jpg","width":512,"height":512,"caption":"Kosmogonia Tatr"},"image":{"@id":"https:\/\/kosmogoniatatr.dobrawola.eu\/ten\/#\/schema\/logo\/image\/"}}]}},"_links":{"self":[{"href":"https:\/\/kosmogoniatatr.dobrawola.eu\/ten\/wp-json\/wp\/v2\/pages\/169","targetHints":{"allow":["GET"]}}],"collection":[{"href":"https:\/\/kosmogoniatatr.dobrawola.eu\/ten\/wp-json\/wp\/v2\/pages"}],"about":[{"href":"https:\/\/kosmogoniatatr.dobrawola.eu\/ten\/wp-json\/wp\/v2\/types\/page"}],"author":[{"embeddable":true,"href":"https:\/\/kosmogoniatatr.dobrawola.eu\/ten\/wp-json\/wp\/v2\/users\/1"}],"replies":[{"embeddable":true,"href":"https:\/\/kosmogoniatatr.dobrawola.eu\/ten\/wp-json\/wp\/v2\/comments?post=169"}],"version-history":[{"count":4,"href":"https:\/\/kosmogoniatatr.dobrawola.eu\/ten\/wp-json\/wp\/v2\/pages\/169\/revisions"}],"predecessor-version":[{"id":251,"href":"https:\/\/kosmogoniatatr.dobrawola.eu\/ten\/wp-json\/wp\/v2\/pages\/169\/revisions\/251"}],"wp:attachment":[{"href":"https:\/\/kosmogoniatatr.dobrawola.eu\/ten\/wp-json\/wp\/v2\/media?parent=169"}],"curies":[{"name":"wp","href":"https:\/\/api.w.org\/{rel}","templated":true}]}}